{"id":710,"date":"2023-04-05T09:03:09","date_gmt":"2023-04-05T07:03:09","guid":{"rendered":"http:\/\/yardgroove.com\/?page_id=710"},"modified":"2023-05-15T13:44:10","modified_gmt":"2023-05-15T11:44:10","slug":"mentions-legales","status":"publish","type":"page","link":"https:\/\/yardgroove.com\/en\/mentions-legales\/","title":{"rendered":"Legal information"},"content":{"rendered":"<section class=\"section\" id=\"section_1495002455\">\n\t\t<div class=\"section-bg fill\" >\n\t\t\t\t\t\t\t\t\t\n\t\t\t\n\n\t\t<\/div>\n\n\t\t\n\n\t\t<div class=\"section-content relative\">\n\t\t\t\n\n<div class=\"row\"  id=\"row-187074427\">\n\n\n\t<div id=\"col-716327644\" class=\"col small-12 large-12\"  >\n\t\t\t\t<div class=\"col-inner\"  >\n\t\t\t\n\t\t\t\n\n<div class=\"container section-title-container\" ><h1 class=\"section-title section-title-center\"><b><\/b><span class=\"section-title-main\" >Legal information<\/span><b><\/b><\/h1><\/div>\n\n<h2><span id=\"lwptoc20\">1 - Editing the site<\/span><\/h2>\n<p>By virtue of\u00a0<a href=\"https:\/\/www.legifrance.gouv.fr\/affichTexte.do?cidTexte=JORFTEXT000000801164#LEGIARTI000042038977\" target=\"_blank\" rel=\"noreferrer noopener\">l&#8217;article 6 de la loi n\u00b0 2004-575 du 21 juin 2004<\/a>\u00a0pour la confiance dans l&#8217;\u00e9conomie num\u00e9rique, il est pr\u00e9cis\u00e9 aux utilisateurs du site internet\u00a0<a href=\"https:\/\/yardgroove.com\"><strong><span class=\"ff_dynamic_value\" data-ref=\"url\" data-fallback=\"\">https:\/\/yardgroove.com<\/span><\/strong><\/a>\u00a0l&#8217;identit\u00e9 des diff\u00e9rents intervenants dans le cadre de sa r\u00e9alisation et de son suivi:<\/p>\n<p><strong>Owner of the site :\u00a0<\/strong><span class=\"ff_dynamic_value\" data-ref=\"nom_proprietaire\" data-fallback=\"\">Benjamin Delong\u00a0<\/span>- Contact:\u00a0<a href=\"mailto:contact@yardgroove.com\"><span class=\"ff_dynamic_value\" data-ref=\"e_mail_contact\" data-fallback=\"\">contact@yardgroove.com<\/span><\/a>\u00a0- Address:\u00a0<span class=\"ff_dynamic_value\" data-ref=\"adresse_postale\" data-fallback=\"\">13 Lot. Dom. de Lorient, 33670 Sadirac<\/span>.<\/p>\n<p><strong>Identification de l&#8217;entreprise :<\/strong>\u00a0<span class=\"ff_dynamic_value\" data-ref=\"nom_proprietaire\" data-fallback=\"\">Benjamin Delong <\/span>- SIREN : 829526615 : - Postal address :\u00a0<span class=\"ff_dynamic_value\" data-ref=\"adresse_postale\" data-fallback=\"\">13 Lot. Dom. de Lorient, 33670 Sadirac<\/span> &#8211; <a href=\"https:\/\/yardgroove.com\/cgv-retours\/\">General terms and conditions of sale<\/a><\/p>\n<p><strong>Hosted by :<\/strong> HOSTINGER INTERNATIONAL LTD, 61 Lordou Vironos Street, 6023 Larnaca, Cyprus - contact :<a href=\"https:\/\/www.hostinger.fr\/contact\" target=\"_blank\" rel=\"noopener\">https:\/\/www.hostinger.fr\/contact<\/a>.<\/p>\n<p>\u00a0<\/p>\n<hr class=\"wp-block-separator\" \/>\n<h2><span id=\"lwptoc21\">2 - Intellectual property and counterfeiting.<\/span><\/h2>\n<p><strong><span class=\"ff_dynamic_value\" data-ref=\"nom_proprietaire\" data-fallback=\"\">Benjamin Delong\u00a0<\/span><\/strong>is the owner of the intellectual property rights and holds the rights of use on all the elements accessible on the website, in particular the texts, images, graphics, logos, videos, architecture, icons and sounds.<\/p>\n<p>Any reproduction, representation, modification, publication, adaptation of all or part of the elements of the site, whatever the means or the process used, is prohibited, except with the prior written authorization of\u00a0<strong><span class=\"ff_dynamic_value\" data-ref=\"nom_proprietaire\" data-fallback=\"\">Benjamin Delong\u00a0<\/span><\/strong>.<\/p>\n<p>Any unauthorised exploitation of the site or of any of the elements it contains will be considered as constituting an infringement and will be prosecuted in accordance with the provisions of articles\u00a0<a href=\"https:\/\/www.legifrance.gouv.fr\/affichCodeArticle.do?idArticle=LEGIARTI000032655082&amp;cidTexte=LEGITEXT000006069414&amp;dateTexte=20160605\" target=\"_blank\" rel=\"noreferrer nofollow noopener\">L.335-2 and following of the Intellectual Property Code<\/a>.<\/p>\n<hr class=\"wp-block-separator\" \/>\n<h2><span id=\"lwptoc22\">3 - Limitations of liability.<\/span><\/h2>\n<p><strong><span class=\"ff_dynamic_value\" data-ref=\"nom_proprietaire\" data-fallback=\"\">Benjamin Delong\u00a0<\/span><\/strong>cannot be held responsible for direct and indirect damage caused to the user's equipment when accessing the site\u00a0<a href=\"https:\/\/yardgroove.com\"><strong><span class=\"ff_dynamic_value\" data-ref=\"url\" data-fallback=\"\">http:\/\/yardgroove.com<\/span><\/strong><\/a>.<\/p>\n<p><strong><span class=\"ff_dynamic_value\" data-ref=\"nom_proprietaire\" data-fallback=\"\">Benjamin Delong\u00a0<\/span><\/strong>declines all responsibility for the use that may be made of the information and content present on\u00a0<a href=\"https:\/\/yardgroove.com\"><strong><span class=\"ff_dynamic_value\" data-ref=\"url\" data-fallback=\"\">https:\/\/yardgroove.com<\/span><\/strong><\/a>.<\/p>\n<p><strong><span class=\"ff_dynamic_value\" data-ref=\"nom_proprietaire\" data-fallback=\"\">Benjamin Delong\u00a0<\/span><\/strong>undertakes to secure the site to the best of its ability\u00a0<a href=\"https:\/\/yardgroove.com\"><strong><span class=\"ff_dynamic_value\" data-ref=\"url\" data-fallback=\"\">https:\/\/yardgroove.com<\/span><\/strong><\/a>However, it cannot be held responsible if unwanted data is imported and installed on its site without its knowledge.<\/p>\n<p>Interactive areas (contact or comments) are available to users.\u00a0<strong><span class=\"ff_dynamic_value\" data-ref=\"nom_proprietaire\" data-fallback=\"\">Benjamin Delong\u00a0<\/span><\/strong>reserves the right to delete, without prior notice, any content posted in this space that contravenes the legislation applicable in France, in particular the provisions relating to data protection.<\/p>\n<p>If applicable,\u00a0<strong><span class=\"ff_dynamic_value\" data-ref=\"nom_proprietaire\" data-fallback=\"\">Benjamin Delong\u00a0<\/span><\/strong>also reserves the right to hold the user civilly and\/or criminally liable, particularly in the event of messages of a racist, insulting, defamatory or pornographic nature, whatever the medium used (text, photographs, etc.).<\/p>\n<hr class=\"wp-block-separator\" \/>\n<h2><span id=\"lwptoc23\">4 - CNIL and personal data management.<\/span><\/h2>\n<p>In accordance with the provisions of the\u00a0<a href=\"https:\/\/www.legifrance.gouv.fr\/affichTexte.do?cidTexte=JORFTEXT000000886460\" target=\"_blank\" rel=\"noreferrer nofollow noopener\">law 78-17 of 6 January 1978 as amended<\/a>the user of the site\u00a0<a href=\"https:\/\/yardgroove.com\"><strong><span class=\"ff_dynamic_value\" data-ref=\"url\" data-fallback=\"\">https:\/\/yardgroove.com<\/span><\/strong><\/a>\u00a0has the right to access, modify and delete the information collected. To exercise this right, send a message to our Data Protection Officer: - .<\/p>\n<p>Pour plus d&#8217;informations sur la fa\u00e7on dont nous traitons vos donn\u00e9es (type de donn\u00e9es, finalit\u00e9, destinataire&#8230;), lisez notre\u00a0<a href=\"https:\/\/yardgroove.com\/declaration-de-confidentialite-ue\/\"><strong><span class=\"ff_dynamic_value\" data-ref=\"politique_confidentialite\" data-fallback=\"\">https:\/\/yardgroove.com\/declaration-de-confidentialite-ue\/<\/span><\/strong><\/a>.<\/p>\n<hr class=\"wp-block-separator\" \/>\n<h2><span id=\"lwptoc24\">5 - Hyperlinks and cookies<\/span><\/h2>\n<p>The site\u00a0<a href=\"https:\/\/yardgroove.com\"><strong><span class=\"ff_dynamic_value\" data-ref=\"url\" data-fallback=\"\">https:\/\/yardgroove.com<\/span><\/strong><\/a>\u00a0contains hyperlinks to other sites and accepts no responsibility for these external links or for links created by other sites to\u00a0<a href=\"https:\/\/yardgroove.com\"><strong><span class=\"ff_dynamic_value\" data-ref=\"url\" data-fallback=\"\">https:\/\/yardgroove.com<\/span><\/strong><\/a>.<\/p>\n<p>Navigating the site\u00a0<a href=\"https:\/\/yardgroove.com\"><strong><span class=\"ff_dynamic_value\" data-ref=\"url\" data-fallback=\"\">https:\/\/yardgroove.com<\/span><\/strong><\/a>\u00a0may cause cookies to be installed on the user's computer.<\/p>\n<p>Un &#8220;cookie&#8221; est un fichier de petite taille qui enregistre des informations relatives \u00e0 la navigation d\u2019un utilisateur sur un site. Les donn\u00e9es ainsi obtenues permettent d&#8217;obtenir des mesures de fr\u00e9quentation, par exemple.<\/p>\n<p>You have the possibility to\u00a0<strong>to accept or reject cookies<\/strong>\u00a0by changing your browser settings. No cookies will be placed without your consent.<\/p>\n<p>Cookies are stored for a maximum of one month.<\/p>\n<p>Pour plus d&#8217;informations sur la fa\u00e7on dont nous faisons usage des cookies, lisez notre\u00a0<a href=\"https:\/\/yardgroove.com\/declaration-de-confidentialite-ue\/\"><strong><span class=\"ff_dynamic_value\" data-ref=\"politique_confidentialite\" data-fallback=\"\">https:\/\/yardgroove.com\/declaration-de-confidentialite-ue\/<\/span><\/strong><\/a>.\u00a0<\/p>\n<hr class=\"wp-block-separator\" \/>\n<h2><span id=\"lwptoc25\">6 - Applicable law and jurisdiction.<\/span><\/h2>\n<p>Any dispute relating to the use of the site\u00a0<a href=\"https:\/\/yardgroove.com\"><strong><span class=\"ff_dynamic_value\" data-ref=\"url\" data-fallback=\"\">https:\/\/yardgroove.com<\/span><\/strong><\/a>\u00a0is subject to French law. Except in cases where the law does not allow it, exclusive jurisdiction is given to the competent courts of\u00a0<strong><span class=\"ff_dynamic_value\" data-ref=\"ville_du_tribunal\" data-fallback=\"\">Bordeaux<\/span><\/strong>.<\/p>\n<hr class=\"wp-block-separator\" \/>\n<h2><span id=\"lwptoc21\">7 - Photo credits.<\/span><\/h2>\n<p><b>Les images qui n&#8217;appartiennent pas \u00e0 Yardgroove.com sont libres de droit et proviennent de <a href=\"https:\/\/www.pexels.com\/fr-fr\/\" rel=\"nofollow sponsored  noopener\" target=\"_blank\">Pexel <\/a>or <a href=\"https:\/\/www.freepik.com\/\" target=\"_blank\" rel=\"nofollow noopener sponsored\">Freepik<\/a><\/b><\/p>\n\n\t\t<\/div>\n\t\t\t\t\t<\/div>\n\n\t\n\n<\/div>\n\n\t\t<\/div>\n\n\t\t\n<style>\n#section_1495002455 {\n  padding-top: 30px;\n  padding-bottom: 30px;\n}\n<\/style>\n\t<\/section>","protected":false},"excerpt":{"rendered":"","protected":false},"author":1,"featured_media":0,"parent":0,"menu_order":0,"comment_status":"closed","ping_status":"closed","template":"","meta":{"footnotes":""},"folder":[],"class_list":["post-710","page","type-page","status-publish","hentry"],"_links":{"self":[{"href":"https:\/\/yardgroove.com\/en\/wp-json\/wp\/v2\/pages\/710","targetHints":{"allow":["GET"]}}],"collection":[{"href":"https:\/\/yardgroove.com\/en\/wp-json\/wp\/v2\/pages"}],"about":[{"href":"https:\/\/yardgroove.com\/en\/wp-json\/wp\/v2\/types\/page"}],"author":[{"embeddable":true,"href":"https:\/\/yardgroove.com\/en\/wp-json\/wp\/v2\/users\/1"}],"replies":[{"embeddable":true,"href":"https:\/\/yardgroove.com\/en\/wp-json\/wp\/v2\/comments?post=710"}],"version-history":[{"count":0,"href":"https:\/\/yardgroove.com\/en\/wp-json\/wp\/v2\/pages\/710\/revisions"}],"wp:attachment":[{"href":"https:\/\/yardgroove.com\/en\/wp-json\/wp\/v2\/media?parent=710"}],"wp:term":[{"taxonomy":"folder","embeddable":true,"href":"https:\/\/yardgroove.com\/en\/wp-json\/wp\/v2\/folder?post=710"}],"curies":[{"name":"wp","href":"https:\/\/api.w.org\/{rel}","templated":true}]}}