{"id":713,"date":"2023-04-05T09:04:21","date_gmt":"2023-04-05T07:04:21","guid":{"rendered":"http:\/\/yardgroove.com\/?page_id=713"},"modified":"2023-06-08T13:21:19","modified_gmt":"2023-06-08T11:21:19","slug":"conditions-generales-dutilisation","status":"publish","type":"page","link":"https:\/\/yardgroove.com\/en\/conditions-generales-dutilisation\/","title":{"rendered":"Conditions g\u00e9n\u00e9rales d&#8217;utilisation"},"content":{"rendered":"<div class=\"row\"  id=\"row-2008772265\">\n\n\n\t<div id=\"col-1986573280\" class=\"col small-12 large-12\"  >\n\t\t\t\t<div class=\"col-inner\"  >\n\t\t\t\n\t\t\t\n\n<div class=\"container section-title-container\" ><h3 class=\"section-title section-title-normal\"><b><\/b><span class=\"section-title-main\" >General conditions of use<\/span><b><\/b><\/h3><\/div>\n\n<h2>Definitions<\/h2>\n<p><b>Client :<\/b>\u00a0any professional or capable natural person within the meaning of Articles 1123 et seq. of the Civil Code, or legal entity, who visits the Site which is the subject of these general conditions.<br \/><b>Benefits and Services :<\/b>\u00a0<a href=\"http:\/\/yardgroove.com\/\">https:\/\/yardgroove.com<\/a>\u00a0makes available to Clients :<\/p>\n<p><b>Contents :<\/b>\u00a0All the elements constituting the information present on the Site, in particular texts - images - videos.<\/p>\n<p><b>Customer information :<\/b>\u00a0Hereinafter referred to as \"Information(s)\" which correspond to all personal data that may be held by\u00a0<a href=\"http:\/\/yardgroove.com\/\">https:\/\/yardgroove.com<\/a>\u00a0for the management of your account, customer relationship management and for analysis and statistical purposes.<\/p>\n<p><b>User :<\/b>\u00a0Internet user connecting to and using the above-mentioned site.<\/p>\n<p><b>Personal information :<\/b>\u00a0\u00ab Les informations qui permettent, sous quelque forme que ce soit, directement ou non, l&#8217;identification des personnes physiques auxquelles elles s&#8217;appliquent \u00bb (article 4 de la loi n\u00b0 78-17 du 6 janvier 1978).<\/p>\n<p>The terms \"personal data\", \"data subject\", \"sub-processor\" and \"sensitive data\" have the meaning defined by the General Data Protection Regulation (GDPR: No. 2016-679)<\/p>\n<h2>1. Presentation of the website.<\/h2>\n<p>En vertu de l&#8217;article 6 de la loi n\u00b0 2004-575 du 21 juin 2004 pour la confiance dans l&#8217;\u00e9conomie num\u00e9rique, il est pr\u00e9cis\u00e9 aux utilisateurs du site internet\u00a0<a href=\"http:\/\/yardgroove.com\/\">https:\/\/yardgroove.com<\/a>\u00a0l&#8217;identit\u00e9 des diff\u00e9rents intervenants dans le cadre de sa r\u00e9alisation et de son suivi:<\/p>\n<p><strong>Owner<\/strong> 11 Yardgroove Share capital of 1\u20ac VAT number: 123456 - 13 Lot. Dom. de Lorient, 33670 Sadirac<br \/><strong>Responsible for publication<\/strong> : Ben \u2013 info@yardgroove.com<br \/>The person responsible for publication is a natural or legal person.<br \/><strong>Webmaster<\/strong> : Ben \u2013 info@yardgroove.com<br \/><strong>Host<\/strong>\u00a0ovh - 2 rue Kellermann 59100 Roubaix 1007<br \/><strong>Data Protection Officer<\/strong> : Ben \u2013 info@yardgroove.com<\/p>\n<div>\n<p>This RGPD legal notice is taken from the\u00a0<a title=\"free legal notice generator for a website\" href=\"https:\/\/fr.orson.io\/1371\/generateur-mentions-legales\" target=\"_blank\" rel=\"noopener\">free legal notice generator for a website<\/a><\/p>\n<\/div>\n<h2>2. General conditions of use of the site and the services offered.<\/h2>\n<p>The Site constitutes an intellectual work protected by the provisions of the Intellectual Property Code and the applicable International Regulations. The Customer may not in any way reuse, transfer or exploit for his own account all or part of the elements or works of the Site.<\/p>\n<p>The use of the site\u00a0<a href=\"http:\/\/yardgroove.com\/\">https:\/\/yardgroove.com<\/a>\u00a0implies full and complete acceptance of the general conditions of use described below. These conditions of use may be modified or supplemented at any time, the users of the site\u00a0<a href=\"http:\/\/yardgroove.com\/\">https:\/\/yardgroove.com<\/a>\u00a0are therefore invited to consult them on a regular basis.<\/p>\n<p>This website is normally accessible to users at all times. An interruption for technical maintenance may however be decided by\u00a0<a href=\"http:\/\/yardgroove.com\/\">https:\/\/yardgroove.com<\/a>who will then endeavour to inform users in advance of the dates and times of the intervention. The website\u00a0<a href=\"http:\/\/yardgroove.com\/\">https:\/\/yardgroove.com<\/a>\u00a0is updated regularly by\u00a0<a href=\"http:\/\/yardgroove.com\/\">https:\/\/yardgroove.com<\/a>\u00a0responsible. In the same way, the legal notices may be modified at any time: they are nevertheless binding on the user who is invited to refer to them as often as possible in order to take note of them.<\/p>\n<h2>3. Description of the services provided.<\/h2>\n<p>The website\u00a0<a href=\"http:\/\/yardgroove.com\/\">https:\/\/yardgroove.com<\/a>\u00a0is to provide information about all the company's activities.\u00a0<a href=\"http:\/\/yardgroove.com\/\">https:\/\/yardgroove.com<\/a>\u00a0endeavours to provide on the site\u00a0<a href=\"http:\/\/yardgroove.com\/\">https:\/\/yardgroove.com<\/a>\u00a0information as accurate as possible. However, it cannot be held responsible for omissions, inaccuracies and shortcomings in the updating, whether caused by itself or by third-party partners who provide the information.<\/p>\n<p>All information on the website\u00a0<a href=\"http:\/\/yardgroove.com\/\">http:\/\/yardgroove.com<\/a>\u00a0are given for information only and are subject to change. In addition, the information on the site\u00a0<a href=\"http:\/\/yardgroove.com\/\">http:\/\/yardgroove.com<\/a>\u00a0are not exhaustive. They are given subject to modifications having been made since they were put online.<\/p>\n<h2>4. Contractual limitations on technical data.<\/h2>\n<p>The site uses JavaScript technology. The website cannot be held responsible for any material damage related to the use of the site. Furthermore, the user of the site undertakes to access the site using recent equipment, free of viruses and with the latest generation of updated browser.\u00a0<a href=\"http:\/\/yardgroove.com\/\">https:\/\/yardgroove.com<\/a>\u00a0is hosted by a service provider in the European Union in accordance with the provisions of the General Data Protection Regulation (GDPR: No. 2016-679)<\/p>\n<p>The objective is to provide a service that ensures the best accessibility rate. The host ensures the continuity of its service 24 hours a day, every day of the year. However, it reserves the right to interrupt the hosting service for the shortest possible period of time, in particular for maintenance purposes, to improve its infrastructure, in the event of infrastructure failure or if the Services generate traffic deemed to be abnormal.<\/p>\n<p><a href=\"http:\/\/yardgroove.com\/\">https:\/\/yardgroove.com<\/a>\u00a0and the host cannot be held responsible in the event of malfunctioning of the Internet network, telephone lines or computer and telephone equipment, particularly in the event of network congestion preventing access to the server.<\/p>\n<h2>5. Intellectual property and counterfeiting.<\/h2>\n<p><a href=\"http:\/\/yardgroove.com\/\">https:\/\/yardgroove.com<\/a>\u00a0is the owner of the intellectual property rights and holds the rights of use on all the elements accessible on the website, in particular the texts, images, graphics, logos, videos, icons and sounds. Any reproduction, representation, modification, publication, adaptation of all or part of the elements of the site, whatever the means or the process used, is prohibited, except with the prior written authorisation of :\u00a0<a href=\"http:\/\/yardgroove.com\/\">https:\/\/yardgroove.com<\/a>.<\/p>\n<p>Any unauthorised use of the site or of any of the elements it contains will be considered as constituting an infringement and will be prosecuted in accordance with the provisions of articles L.335-2 et seq. of the Intellectual Property Code.<\/p>\n<h2>6. Limitations of liability.<\/h2>\n<p><a href=\"http:\/\/yardgroove.com\/\">https:\/\/yardgroove.com<\/a>\u00a0acts as the publisher of the site.\u00a0<a href=\"http:\/\/yardgroove.com\/\">https:\/\/yardgroove.com<\/a>\u00a0is responsible for the quality and truthfulness of the Content it publishes.<\/p>\n<p><a href=\"http:\/\/yardgroove.com\/\">https:\/\/yardgroove.com<\/a>\u00a0cannot be held responsible for direct and indirect damage caused to the user's equipment when accessing the website\u00a0<a href=\"http:\/\/yardgroove.com\/\">https:\/\/yardgroove.com<\/a>This may result either from the use of equipment that does not meet the specifications indicated in point 4, or from the appearance of a bug or incompatibility.<\/p>\n<p><a href=\"http:\/\/yardgroove.com\/\">https:\/\/yardgroove.com<\/a>\u00a0cannot be held responsible for indirect damages (such as loss of market or loss of opportunity) resulting from the use of the\u00a0<a href=\"http:\/\/yardgroove.com\/\">https:\/\/yardgroove.com<\/a>. Interactive areas (possibility to ask questions in the contact area) are available to users.\u00a0<a href=\"http:\/\/yardgroove.com\/\">https:\/\/yardgroove.com<\/a>\u00a0reserves the right to delete, without prior notice, any content posted in this space that contravenes the legislation applicable in France, in particular the provisions relating to data protection. Where applicable,\u00a0<a href=\"http:\/\/yardgroove.com\/\">https:\/\/yardgroove.com<\/a>\u00a0also reserves the right to hold the user civilly and\/or criminally liable, particularly in the event of messages of a racist, insulting, defamatory or pornographic nature, whatever the medium used (text, photographs, etc.).<\/p>\n<h2>7. Personal data management.<\/h2>\n<p>The Customer is informed of the regulations concerning marketing communication, the law of 21 June 2014 for confidence in the Digital Economy, the Data Protection Act of 06 August 2004 as well as the General Data Protection Regulation (RGPD: n\u00b0 2016-679).<\/p>\n<h3>7.1 Persons responsible for the collection of personal data<\/h3>\n<p>For the Personal Data collected in the context of the creation of the User's personal account and his navigation on the Site, the person responsible for processing the Personal Data is: Yardgroove.\u00a0<a href=\"http:\/\/yardgroove.com\/\">https:\/\/yardgroove.com<\/a>is represented by Yardgroove, its legal representative<\/p>\n<p>As the controller of the data it collects,\u00a0<a href=\"http:\/\/yardgroove.com\/\">https:\/\/yardgroove.com<\/a>\u00a0undertakes to comply with the legal provisions in force. In particular, it is the Client's responsibility to establish the purposes of its data processing, to provide its prospects and clients, once their consent has been collected, with full information on the processing of their personal data and to maintain a register of processing that is in conformity with reality. Whenever\u00a0<a href=\"http:\/\/yardgroove.com\/\">https:\/\/yardgroove.com<\/a>\u00a0processes Personal Data,\u00a0<a href=\"http:\/\/yardgroove.com\/\">https:\/\/yardgroove.com<\/a>\u00a0takes all reasonable steps to ensure the accuracy and relevance of Personal Data to the purposes for which it is to be used\u00a0<a href=\"http:\/\/yardgroove.com\/\">https:\/\/yardgroove.com<\/a>\u00a0treats them.<\/p>\n<h3>7.2 Purpose of the data collected<\/h3>\n<p><a href=\"http:\/\/yardgroove.com\/\">https:\/\/yardgroove.com<\/a>\u00a0may process all or part of the data:<\/p>\n<ul>\n<li>to enable browsing on the Site and the management and traceability of services ordered by the user: connection and use data of the Site, invoicing, order history, etc.<\/li>\n<li>to prevent and fight against computer fraud (spamming, hacking...): computer equipment used for navigation, IP address, password (hashed)<\/li>\n<li>to improve navigation on the Site: connection and usage data<\/li>\n<li>to conduct voluntary satisfaction surveys on\u00a0<a href=\"http:\/\/yardgroove.com\/\">https:\/\/yardgroove.com<\/a>\u00a0email address<\/li>\n<li>to conduct communication campaigns (sms, email): telephone number, email address<\/li>\n<\/ul>\n<p><a href=\"http:\/\/yardgroove.com\/\">https:\/\/yardgroove.com<\/a>\u00a0does not market your personal data, which is therefore only used for statistical and analytical purposes.<\/p>\n<h3>7.3 Right of access, rectification and opposition<\/h3>\n<p>In accordance with the European regulations in force, the Users of\u00a0<a href=\"http:\/\/yardgroove.com\/\">https:\/\/yardgroove.com<\/a>\u00a0have the following rights:<\/p>\n<ul>\n<li>droit d&#8217;acc\u00e8s (article 15 RGPD) et de rectification (article 16 RGPD), de mise \u00e0 jour, de compl\u00e9tude des donn\u00e9es des Utilisateurs droit de verrouillage ou d\u2019effacement des donn\u00e9es des Utilisateurs \u00e0 caract\u00e8re personnel (article 17 du RGPD), lorsqu\u2019elles sont inexactes, incompl\u00e8tes, \u00e9quivoques, p\u00e9rim\u00e9es, ou dont la collecte, l&#8217;utilisation, la communication ou la conservation est interdite<\/li>\n<li>right to withdraw consent at any time (Article 13-2c GDPR)<\/li>\n<li>the right to restrict the processing of Users' data (Article 18 GDPR)<\/li>\n<li>right to object to the processing of Users' data (Article 21 GDPR)<\/li>\n<li>the right to portability of data provided by Users, where such data is subject to automated processing based on their consent or on a contract (Article 20 GDPR)<\/li>\n<li>right to determine the fate of Users' data after their death and to choose to whom\u00a0<a href=\"http:\/\/yardgroove.com\/\">https:\/\/yardgroove.com<\/a>\u00a0will have to communicate (or not) their data to a third party that they have previously designated<\/li>\n<\/ul>\n<p>As soon as\u00a0<a href=\"http:\/\/yardgroove.com\/\">https:\/\/yardgroove.com<\/a>\u00a0is aware of the death of a User and in the absence of instructions from the User,\u00a0<a href=\"http:\/\/yardgroove.com\/\">https:\/\/yardgroove.com<\/a>\u00a0undertakes to destroy its data, except if their retention is necessary for evidential purposes or to meet a legal obligation.<\/p>\n<p>If the User wishes to know how to\u00a0<a href=\"http:\/\/yardgroove.com\/\">https:\/\/yardgroove.com<\/a>\u00a0use his Personal Data, ask to rectify them or oppose their processing, the User may contact\u00a0<a href=\"http:\/\/yardgroove.com\/\">https:\/\/yardgroove.com<\/a>\u00a0in writing to the following address<\/p>\n<p>Yardgroove - DPO, Ben<br \/>La street 33000 Bordeaux.<\/p>\n<p>In this case, the User must indicate the Personal Data that he\/she would like to have\u00a0<a href=\"http:\/\/yardgroove.com\/\">https:\/\/yardgroove.com<\/a>\u00a0correct, update or delete, by identifying himself\/herself precisely with a copy of an identity document (identity card or passport).<\/p>\n<p>Requests for deletion of Personal Data will be subject to the obligations imposed on\u00a0<a href=\"http:\/\/yardgroove.com\/\">https:\/\/yardgroove.com<\/a>\u00a0by law, in particular with regard to the conservation or archiving of documents. Finally, the Users of\u00a0<a href=\"http:\/\/yardgroove.com\/\">https:\/\/yardgroove.com<\/a>\u00a0can lodge a complaint with the supervisory authorities, in particular the CNIL (https:\/\/www.cnil.fr\/fr\/plaintes).<\/p>\n<h3>7.4 Non-disclosure of personal data<\/h3>\n<p><a href=\"http:\/\/yardgroove.com\/\">https:\/\/yardgroove.com<\/a>\u00a0shall not process, host or transfer the Information collected on its Customers to a country outside the European Union or recognised as \"non-adequate\" by the European Commission without prior notice to the Customer. However,\u00a0<a href=\"http:\/\/yardgroove.com\/\">https:\/\/yardgroove.com<\/a>\u00a0remains free to choose its technical and commercial subcontractors provided that they offer sufficient guarantees with regard to the requirements of the General Data Protection Regulation (GDPR: No. 2016-679).<\/p>\n<p><a href=\"http:\/\/yardgroove.com\/\">https:\/\/yardgroove.com<\/a>\u00a0undertakes to take all necessary precautions to preserve the security of the Information and in particular that it is not communicated to unauthorised persons. However, if an incident affecting the integrity or confidentiality of the Customer's Information is brought to the attention of\u00a0<a href=\"http:\/\/yardgroove.com\/\">https:\/\/yardgroove.com<\/a>The latter must inform the Client as soon as possible and inform him of the corrective measures taken. In addition, the\u00a0<a href=\"http:\/\/yardgroove.com\/\">https:\/\/yardgroove.com<\/a>\u00a0does not collect any \"sensitive data\".<\/p>\n<p>The User's Personal Data may be processed by subsidiaries of\u00a0<a href=\"http:\/\/yardgroove.com\/\">https:\/\/yardgroove.com<\/a>\u00a0and subcontractors (service providers), exclusively in order to achieve the purposes of this policy.<\/p>\n<p>Within the limits of their respective attributions and for the purposes mentioned above, the main persons likely to have access to the data of the Users of\u00a0<a href=\"http:\/\/yardgroove.com\/\">https:\/\/yardgroove.com<\/a>\u00a0are mainly our customer service agents.<\/p>\n<div>\u00a0<\/div>\n<h2>8. Incident notification<\/h2>\n<p>Quels que soient les efforts fournis, aucune m\u00e9thode de transmission sur Internet et aucune m\u00e9thode de stockage \u00e9lectronique n&#8217;est compl\u00e8tement s\u00fbre. Nous ne pouvons en cons\u00e9quence pas garantir une s\u00e9curit\u00e9 absolue. Si nous prenions connaissance d&#8217;une br\u00e8che de la s\u00e9curit\u00e9, nous avertirions les utilisateurs concern\u00e9s afin qu&#8217;ils puissent prendre les mesures appropri\u00e9es. Nos proc\u00e9dures de notification d\u2019incident tiennent compte de nos obligations l\u00e9gales, qu&#8217;elles se situent au niveau national ou europ\u00e9en. Nous nous engageons \u00e0 informer pleinement nos clients de toutes les questions relevant de la s\u00e9curit\u00e9 de leur compte et \u00e0 leur fournir toutes les informations n\u00e9cessaires pour les aider \u00e0 respecter leurs propres obligations r\u00e9glementaires en mati\u00e8re de reporting.<\/p>\n<p>Aucune information personnelle de l&#8217;utilisateur du site\u00a0<a href=\"http:\/\/yardgroove.com\/\">https:\/\/yardgroove.com<\/a>\u00a0n&#8217;est publi\u00e9e \u00e0 l&#8217;insu de l&#8217;utilisateur, \u00e9chang\u00e9e, transf\u00e9r\u00e9e, c\u00e9d\u00e9e ou vendue sur un support quelconque \u00e0 des tiers. Seule l&#8217;hypoth\u00e8se du rachat de\u00a0<a href=\"http:\/\/yardgroove.com\/\">https:\/\/yardgroove.com<\/a>\u00a0et de ses droits permettrait la transmission des dites informations \u00e0 l&#8217;\u00e9ventuel acqu\u00e9reur qui serait \u00e0 son tour tenu de la m\u00eame obligation de conservation et de modification des donn\u00e9es vis \u00e0 vis de l&#8217;utilisateur du site\u00a0<a href=\"http:\/\/yardgroove.com\/\">https:\/\/yardgroove.com<\/a>.<\/p>\n<h3>Security<\/h3>\n<p>To ensure the security and confidentiality of Personal Data and Personal Health Data,\u00a0<a href=\"http:\/\/yardgroove.com\/\">https:\/\/yardgroove.com<\/a>\u00a0uses networks protected by standard features such as firewalls, pseudonymisation, encryption and passwords.<\/p>\n<p>When processing Personal Data,\u00a0<a href=\"http:\/\/yardgroove.com\/\">https:\/\/yardgroove.com<\/a>take all reasonable steps to protect it from loss, misuse, unauthorised access, disclosure, alteration or destruction.<\/p>\n<h2>9. Hypertext links, cookies and internet tags<\/h2>\n<p>The site\u00a0<a href=\"http:\/\/yardgroove.com\/\">https:\/\/yardgroove.com<\/a>\u00a0contains a number of hyperlinks to other sites, set up with the permission of\u00a0<a href=\"http:\/\/yardgroove.com\/\">https:\/\/yardgroove.com<\/a>. However,\u00a0<a href=\"http:\/\/yardgroove.com\/\">https:\/\/yardgroove.com<\/a>\u00a0does not have the possibility of checking the content of the sites thus visited, and consequently will not assume any responsibility for this fact.<\/p>\n<p>Unless you decide to deactivate the cookies, you accept that the site can use them. You can deactivate these cookies at any time, free of charge, using the deactivation options offered to you and recalled below, bearing in mind that this may reduce or prevent access to all or part of the Services offered by the site.<\/p>\n<p>\u00a0<\/p>\n<h3>9.1. \"COOKIES<\/h3>\n<p>A \"cookie\" is a small information file sent to the User's browser and stored in the User's terminal (e.g. computer, smartphone), (hereinafter \"Cookies\"). This file includes information such as the User's domain name, the User's Internet service provider, the User's operating system and the date and time of access. Cookies will not damage the User's terminal in any way.<\/p>\n<p><a href=\"http:\/\/yardgroove.com\/\">https:\/\/yardgroove.com<\/a>\u00a0is likely to process the User's information concerning his visit to the Site, such as the pages consulted and the searches carried out. This information enables\u00a0<a href=\"http:\/\/yardgroove.com\/\">https:\/\/yardgroove.com<\/a>\u00a0to improve the content of the Site and the User's navigation.<\/p>\n<p>As Cookies facilitate browsing and\/or the provision of services offered by the Site, the User may configure his\/her browser to allow him\/her to decide whether or not to accept them so that Cookies are recorded in the terminal or, on the contrary, that they are rejected, either systematically or according to their sender. The User may also configure his or her browser software so that the acceptance or rejection of Cookies is proposed from time to time, before a Cookie is likely to be recorded in his or her terminal.\u00a0<a href=\"http:\/\/yardgroove.com\/\">https:\/\/yardgroove.com<\/a>\u00a0informs the User that, in this case, not all the functionalities of his\/her browser software may be available.<\/p>\n<p>If the User refuses the storage of Cookies in his\/her terminal or browser, or if the User deletes those stored there, the User is informed that his\/her navigation and experience on the Site may be limited. This could also be the case when\u00a0<a href=\"http:\/\/yardgroove.com\/\">https:\/\/yardgroove.com<\/a>\u00a0or one of its service providers cannot recognise, for technical compatibility purposes, the type of browser used by the terminal, the language and display settings or the country from which the terminal appears to be connected to the Internet.<\/p>\n<p>If applicable,\u00a0<a href=\"http:\/\/yardgroove.com\/\">https:\/\/yardgroove.com<\/a>\u00a0declines all responsibility for the consequences linked to the degraded functioning of the Site and of the services possibly proposed by\u00a0<a href=\"http:\/\/yardgroove.com\/\">https:\/\/yardgroove.com<\/a>(i) the refusal of Cookies by the User (ii) the impossibility for the User to\u00a0<a href=\"http:\/\/yardgroove.com\/\">https:\/\/yardgroove.com<\/a>\u00a0to save or consult the Cookies necessary for their operation due to the User's choice. For the management of Cookies and the User's choices, the configuration of each browser is different. It is described in the browser's help menu, which will show how the User can modify his\/her wishes regarding Cookies.<\/p>\n<p>At any time, the User can choose to express and modify his or her wishes with regard to Cookies.\u00a0<a href=\"http:\/\/yardgroove.com\/\">https:\/\/yardgroove.com<\/a>\u00a0may also use the services of external service providers to help it collect and process the information described in this section.<\/p>\n<p>Finally, by clicking on the Twitter, Facebook, Linkedin and Google Plus social network icons on the\u00a0<a href=\"http:\/\/yardgroove.com\/\">https:\/\/yardgroove.com<\/a>\u00a0or in its mobile application and if the User has accepted the deposit of cookies by continuing to navigate on the Website or mobile application of\u00a0<a href=\"http:\/\/yardgroove.com\/\">https:\/\/yardgroove.com<\/a>Twitter, Facebook, Linkedin and Google Plus may also place cookies on your terminals (computer, tablet, mobile phone).<\/p>\n<p>These types of cookies are only deposited on your terminals if you consent to them, by continuing your navigation on the Website or the mobile application of\u00a0<a href=\"http:\/\/yardgroove.com\/\">https:\/\/yardgroove.com<\/a>. However, the User may at any time withdraw his consent to\u00a0<a href=\"http:\/\/yardgroove.com\/\">https:\/\/yardgroove.com<\/a>\u00a0deposits this type of cookie.<\/p>\n<h3>Article 9.2. INTERNET TAGS<\/h3>\n<p><a href=\"http:\/\/yardgroove.com\/\">https:\/\/yardgroove.com<\/a>\u00a0may occasionally employ web beacons (also known as \"tags\", action tags, single-pixel GIFs, clear GIFs, invisible GIFs, and one-to-one GIFs) and deploy them through a web analytics partner that may be located (and therefore store information about them, including the User's IP address) in a foreign country.<\/p>\n<p>These tags are placed both in the online advertisements allowing users to access the Site and on the various pages of the Site.<\/p>\n<p>This technology allows\u00a0<a href=\"http:\/\/yardgroove.com\/\">https:\/\/yardgroove.com<\/a>\u00a0to evaluate visitors' responses to the Site and the effectiveness of its actions (for example, the number of times a page is opened and the information consulted), as well as the use of this Site by the User.<\/p>\n<p>The external service provider may collect information about visitors to the Site and other websites through these beacons, compile reports on Site activity for\u00a0<a href=\"http:\/\/yardgroove.com\/\">https:\/\/yardgroove.com<\/a>and to provide other services related to the use of the website and the Internet.<\/p>\n<p>\u00a0<\/p>\n<h2>10. Applicable law and jurisdiction.<\/h2>\n<p>Any dispute relating to the use of the site\u00a0<a href=\"http:\/\/yardgroove.com\/\">https:\/\/yardgroove.com<\/a>\u00a0is subject to French law. Except in cases where the law does not allow it, exclusive jurisdiction is given to the competent courts of<\/p>\n\n\t\t<\/div>\n\t\t\t\t\t<\/div>\n\n\t\n\n<\/div>","protected":false},"excerpt":{"rendered":"","protected":false},"author":1,"featured_media":0,"parent":0,"menu_order":0,"comment_status":"closed","ping_status":"closed","template":"","meta":{"footnotes":""},"folder":[],"class_list":["post-713","page","type-page","status-publish","hentry"],"_links":{"self":[{"href":"https:\/\/yardgroove.com\/en\/wp-json\/wp\/v2\/pages\/713","targetHints":{"allow":["GET"]}}],"collection":[{"href":"https:\/\/yardgroove.com\/en\/wp-json\/wp\/v2\/pages"}],"about":[{"href":"https:\/\/yardgroove.com\/en\/wp-json\/wp\/v2\/types\/page"}],"author":[{"embeddable":true,"href":"https:\/\/yardgroove.com\/en\/wp-json\/wp\/v2\/users\/1"}],"replies":[{"embeddable":true,"href":"https:\/\/yardgroove.com\/en\/wp-json\/wp\/v2\/comments?post=713"}],"version-history":[{"count":0,"href":"https:\/\/yardgroove.com\/en\/wp-json\/wp\/v2\/pages\/713\/revisions"}],"wp:attachment":[{"href":"https:\/\/yardgroove.com\/en\/wp-json\/wp\/v2\/media?parent=713"}],"wp:term":[{"taxonomy":"folder","embeddable":true,"href":"https:\/\/yardgroove.com\/en\/wp-json\/wp\/v2\/folder?post=713"}],"curies":[{"name":"wp","href":"https:\/\/api.w.org\/{rel}","templated":true}]}}