{"id":86,"date":"2013-08-11T20:13:42","date_gmt":"2013-08-11T18:13:42","guid":{"rendered":"http:\/\/localhost:8888\/test\/?page_id=545"},"modified":"2023-04-24T18:10:51","modified_gmt":"2023-04-24T16:10:51","slug":"faq","status":"publish","type":"page","link":"https:\/\/yardgroove.com\/en\/faq\/","title":{"rendered":"FAQ"},"content":{"rendered":"<div id=\"page-header-1440581557\" class=\"page-header-wrapper\">\n  <div class=\"page-title dark featured-title has-parallax box-shadow-3\">\n\n        <div class=\"page-title-bg\">\n      <div class=\"title-bg fill bg-fill\"\n        data-parallax-container=\".page-title\"\n        data-parallax-background\n data-parallax=\"-\">\n      <\/div>\n      <div class=\"title-overlay fill\"><\/div>\n    <\/div>\n    \n    <div class=\"page-title-inner container align-bottom flex-row medium-flex-wrap row-reverse\" data-parallax-fade=\"true\" data-parallax=\"-1\">\n              <div class=\"title-wrapper uppercase is-xlarge flex-col text-right medium-text-center\">\n          <h1 class=\"entry-title mb-0\">\n            F.A.Q.          <\/h1>\n        <\/div>\n                    <div class=\"title-content flex-col flex-left text-left medium-text-center\">\n        <div class=\"title-breadcrumbs pb-half pt-half\"><nav class=\"woocommerce-breadcrumb breadcrumbs uppercase\" data-no-translation=\"\" data-trp-gettext=\"\">Home<\/nav><\/div>      <\/div>\n    <\/div>\n\n     \n<style>\n#page-header-1440581557 .page-title-inner {\n  min-height: 250px;\n}\n#page-header-1440581557 .title-bg {\n  background-image: url(https:\/\/yardgroove.com\/wp-content\/uploads\/2023\/04\/vinyle-list.webp);\n}\n@media (min-width:550px) {\n  #page-header-1440581557 .page-title-inner {\n    min-height: 300px;\n  }\n}\n<\/style>\n  <\/div>\n    <\/div>\n  \n\n\n\t<section class=\"section\" id=\"section_1394134503\">\n\t\t<div class=\"section-bg fill\" >\n\t\t\t\t\t\t\t\t\t\n\t\t\t\n\n\t\t<\/div>\n\n\t\t\n\n\t\t<div class=\"section-content relative\">\n\t\t\t\n\n<div class=\"row\"  id=\"row-303872381\">\n\n\n\t<div id=\"col-2059496658\" class=\"col small-12 large-12\"  >\n\t\t\t\t<div class=\"col-inner\"  >\n\t\t\t\n\t\t\t\n\n<p><span style=\"font-size: 100%;\">We are happy to help you to <strong>find the answers<\/strong> you need, whether you're an avid collector or just looking for your next favourite record. With our carefully chosen selection of <strong>rare and high quality reggae vinyls<\/strong>We're sure you'll find something to add to your collection. So sit back, relax and dive into our FAQ to learn more about our shop and our products.<\/span><\/p>\n<h3 class=\"accordion_title\">Frequently asked questions<\/h3><div class=\"accordion\">\n\n\t<div id=\"accordion-1475246153\" class=\"accordion-item\">\n\t\t<a id=\"accordion-1475246153-label\" class=\"accordion-title plain active\" href=\"#accordion-item-vous-offrez-les-frais-de-port-\u00e0-partir-de-150\u20ac-pour-la-france,-quel-sera-le-transporteur-?\" aria-expanded=\"true\" aria-controls=\"accordion-1475246153-content\" >\n\t\t\t<button class=\"toggle\" aria-label=\"Toggle\"><i class=\"icon-angle-down\"><\/i><\/button>\n\t\t\t<span>You offer free shipping from 150\u20ac for France, what will be the carrier?<\/span>\n\t\t<\/a>\n\t\t<div id=\"accordion-1475246153-content\" class=\"accordion-inner\" style=\"display: block;\" aria-labelledby=\"accordion-1475246153-label\" >\n\t\t\t\n\n<p>Le choix du transporteur pour l&#8217;envoi de colis d\u00e9pendra de plusieurs facteurs, tels que le poids, les dimensions et la destination. Pour les colis l\u00e9gers, la Poste peut \u00eatre une option appropri\u00e9e en raison de son tarif \u00e9conomique sur ce format la.<br \/>\nCependant, pour les colis plus lourds ou plus volumineux, il peut \u00eatre pr\u00e9f\u00e9rable de faire appel \u00e0 des transporteurs tels que Mondial Relay ou UPS en point relais, qui proposent des solutions d&#8217;exp\u00e9dition plus adapt\u00e9es.<\/p>\n\n\t\t<\/div>\n\t<\/div>\n\t\n\t<div id=\"accordion-850563492\" class=\"accordion-item\">\n\t\t<a id=\"accordion-850563492-label\" class=\"accordion-title plain\" href=\"#accordion-item-quel-type-d&#039;emballage-utiliser-vous-pour-vos-envoi-?\" aria-expanded=\"false\" aria-controls=\"accordion-850563492-content\" >\n\t\t\t<button class=\"toggle\" aria-label=\"Toggle\"><i class=\"icon-angle-down\"><\/i><\/button>\n\t\t\t<span>What type of packaging do you use for your shipments?<\/span>\n\t\t<\/a>\n\t\t<div id=\"accordion-850563492-content\" class=\"accordion-inner\" aria-labelledby=\"accordion-850563492-label\" >\n\t\t\t\n\n<p>We use strong cardboard packaging with several layers, if necessary, to ensure that the discs are not damaged in transit.<br \/>\nNous prenons des mesures de pr\u00e9caution pour prot\u00e9ger les disques pendant leur voyage, car il est essentiel qu&#8217;ils arrivent en bon \u00e9tat chez nos clients.<br \/>\nNous sommes conscients que les dommages pendant le transport peuvent causer des probl\u00e8mes et des co\u00fbts suppl\u00e9mentaires, c&#8217;est pourquoi nous nous assurons que nos emballages sont robustes et fiables.<\/p>\n\n\t\t<\/div>\n\t<\/div>\n\t\n\t<div id=\"accordion-175673321\" class=\"accordion-item\">\n\t\t<a id=\"accordion-175673321-label\" class=\"accordion-title plain\" href=\"#accordion-item-j&#039;aimerais-\u00eatre-inform\u00e9(e)-des-arrivages-de-la-boutique.-comment-dois-je-faire-?\" aria-expanded=\"false\" aria-controls=\"accordion-175673321-content\" >\n\t\t\t<button class=\"toggle\" aria-label=\"Toggle\"><i class=\"icon-angle-down\"><\/i><\/button>\n\t\t\t<span>I would like to be informed of the shop's arrivals. How do I do this?<\/span>\n\t\t<\/a>\n\t\t<div id=\"accordion-175673321-content\" class=\"accordion-inner\" aria-labelledby=\"accordion-175673321-label\" >\n\t\t\t\n\n<p>To receive regular information about new arrivals in the shop, simply subscribe to our newsletter.<br \/>\nVous recevrez ainsi des e-mails automatiques \u00e0 chaque fois qu&#8217;un produit ou une collection sera ajout\u00e9 \u00e0 notre s\u00e9lection.<br \/>\nN&#8217;h\u00e9sitez pas \u00e0 vous inscrire pour ne rien manquer de nos nouveaut\u00e9s !<\/p>\n\n\t\t<\/div>\n\t<\/div>\n\t\n\t<div id=\"accordion-3336577501\" class=\"accordion-item\">\n\t\t<a id=\"accordion-3336577501-label\" class=\"accordion-title plain\" href=\"#accordion-item-comment-puis-je-payer-ma-commande-sur-votre-site-?\" aria-expanded=\"false\" aria-controls=\"accordion-3336577501-content\" >\n\t\t\t<button class=\"toggle\" aria-label=\"Toggle\"><i class=\"icon-angle-down\"><\/i><\/button>\n\t\t\t<span>How can I pay for my order on your site?<\/span>\n\t\t<\/a>\n\t\t<div id=\"accordion-3336577501-content\" class=\"accordion-inner\" aria-labelledby=\"accordion-3336577501-label\" >\n\t\t\t\n\n<p>We accept several payment methods, such as credit cards via PayPal and Stripes. Our site uses SSL encryption to ensure the security of your data during online transactions.<\/p>\n\n\t\t<\/div>\n\t<\/div>\n\t\n\t<div id=\"accordion-3118215037\" class=\"accordion-item\">\n\t\t<a id=\"accordion-3118215037-label\" class=\"accordion-title plain\" href=\"#accordion-item-j&#039;habite-au-usa-puis-acheter-un-disque-dans-votre-boutique\" aria-expanded=\"false\" aria-controls=\"accordion-3118215037-content\" >\n\t\t\t<button class=\"toggle\" aria-label=\"Toggle\"><i class=\"icon-angle-down\"><\/i><\/button>\n\t\t\t<span>I live in the USA, can I buy a record in your shop<\/span>\n\t\t<\/a>\n\t\t<div id=\"accordion-3118215037-content\" class=\"accordion-inner\" aria-labelledby=\"accordion-3118215037-label\" >\n\t\t\t\n\n<p>Of course we do! Our online shop delivers worldwide, including the USA. You can order a disc by visiting our website and following the steps to place an order.<br \/>\nWe usually ship within 2-3 days after your order has been confirmed.<br \/>\nSi vous avez des questions sur le processus de commande ou sur nos produits, n&#8217;h\u00e9sitez pas \u00e0 nous contacter via notre formulaire de contact sur notre site web. Merci de nous consid\u00e9rer pour votre achat de disques!<\/p>\n\n\t\t<\/div>\n\t<\/div>\n\t\n\n<\/div>\n\n\t\t<\/div>\n\t\t\t\t\t<\/div>\n\n\t\n\n<\/div>\n\n\t\t<\/div>\n\n\t\t\n<style>\n#section_1394134503 {\n  padding-top: 30px;\n  padding-bottom: 30px;\n}\n<\/style>\n\t<\/section>","protected":false},"excerpt":{"rendered":"","protected":false},"author":1,"featured_media":0,"parent":0,"menu_order":0,"comment_status":"closed","ping_status":"closed","template":"","meta":{"footnotes":""},"folder":[],"class_list":["post-86","page","type-page","status-publish","hentry"],"_links":{"self":[{"href":"https:\/\/yardgroove.com\/en\/wp-json\/wp\/v2\/pages\/86","targetHints":{"allow":["GET"]}}],"collection":[{"href":"https:\/\/yardgroove.com\/en\/wp-json\/wp\/v2\/pages"}],"about":[{"href":"https:\/\/yardgroove.com\/en\/wp-json\/wp\/v2\/types\/page"}],"author":[{"embeddable":true,"href":"https:\/\/yardgroove.com\/en\/wp-json\/wp\/v2\/users\/1"}],"replies":[{"embeddable":true,"href":"https:\/\/yardgroove.com\/en\/wp-json\/wp\/v2\/comments?post=86"}],"version-history":[{"count":0,"href":"https:\/\/yardgroove.com\/en\/wp-json\/wp\/v2\/pages\/86\/revisions"}],"wp:attachment":[{"href":"https:\/\/yardgroove.com\/en\/wp-json\/wp\/v2\/media?parent=86"}],"wp:term":[{"taxonomy":"folder","embeddable":true,"href":"https:\/\/yardgroove.com\/en\/wp-json\/wp\/v2\/folder?post=86"}],"curies":[{"name":"wp","href":"https:\/\/api.w.org\/{rel}","templated":true}]}}