{"id":89,"date":"2013-08-11T19:22:53","date_gmt":"2013-08-11T17:22:53","guid":{"rendered":"http:\/\/localhost:8888\/test\/?page_id=532"},"modified":"2023-08-22T14:24:55","modified_gmt":"2023-08-22T12:24:55","slug":"contact","status":"publish","type":"page","link":"https:\/\/yardgroove.com\/en\/contact\/","title":{"rendered":"Contact"},"content":{"rendered":"<div id=\"page-header-355869613\" class=\"page-header-wrapper\">\n  <div class=\"page-title dark featured-title has-parallax\">\n\n        <div class=\"page-title-bg\">\n      <div class=\"title-bg fill bg-fill\"\n        data-parallax-container=\".page-title\"\n        data-parallax-background\n data-parallax=\"-1\">\n      <\/div>\n      <div class=\"title-overlay fill\"><\/div>\n    <\/div>\n    \n    <div class=\"page-title-inner container align-center text-center flex-row-col medium-flex-wrap\" >\n              <div class=\"title-wrapper uppercase is-larger flex-col\">\n          <h1 class=\"entry-title mb-0\">\n            Contact          <\/h1>\n        <\/div>\n                    <div class=\"title-content flex-col\">\n        <div class=\"title-breadcrumbs pb-half pt-half\"><nav class=\"woocommerce-breadcrumb breadcrumbs uppercase\" data-no-translation=\"\" data-trp-gettext=\"\">Home<\/nav><\/div>      <\/div>\n    <\/div>\n\n     \n<style>\n#page-header-355869613 .page-title-inner {\n  min-height: 300px;\n}\n#page-header-355869613 .title-bg {\n  background-image: url(https:\/\/yardgroove.com\/wp-content\/uploads\/2023\/03\/yardgroove_record_shop.webp);\n}\n<\/style>\n  <\/div>\n    <\/div>\n  \n\n<div class=\"row\"  id=\"row-620171023\">\n\n\n\t<div id=\"col-989334367\" class=\"col large-12\"  >\n\t\t\t\t<div class=\"col-inner\"  >\n\t\t\t\n\t\t\t\n\n<p>Bienvenue sur Yardgroove, votre destination de choix pour les &#8220;Vinyles Reggae de Collection&#8221;. Notre passion est de vous fournir une s\u00e9lection incomparable de vinyles rares et originaux, qui r\u00e9sonnent avec l&#8217;esprit v\u00e9ritable du reggae.<\/p>\n<p>Chez Yardgroove, nous comprenons l&#8217;importance de la musique dans nos vies, et plus sp\u00e9cifiquement, l&#8217;impact puissant du reggae. Le reggae est bien plus qu&#8217;un genre musical, c&#8217;est un mode de vie, une expression de r\u00e9bellion, d&#8217;amour, de paix et d&#8217;unit\u00e9. Et quelle meilleure fa\u00e7on de l&#8217;appr\u00e9cier que sur vinyle, le format qui conserve le plus fid\u00e8lement l&#8217;authenticit\u00e9 de cette musique unique.<\/p>\n<p>N&#8217;h\u00e9sitez pas \u00e0 nous contacter pour toute question sur notre collection de &#8220;Vinyles Reggae de Collection&#8221;. Notre \u00e9quipe d&#8217;experts en reggae est toujours disponible pour discuter de votre passion et pour vous aider \u00e0 trouver le vinyle parfait. Vous pouvez nous contacter en utilisant le formulaire de contact sur cette page.<\/p>\n\n\t\t<\/div>\n\t\t\t\t\t<\/div>\n\n\t\n\n\n<style>\n#row-620171023 > .col > .col-inner {\n  padding: 40px 0px 0px 0px;\n}\n<\/style>\n<\/div>\n\n\t<section class=\"section\" id=\"section_1933632614\">\n\t\t<div class=\"section-bg fill\" >\n\t\t\t\t\t\t\t\t\t\n\t\t\t\n\n\t\t<\/div>\n\n\t\t\t<div class=\"ux-shape-divider ux-shape-divider--top ux-shape-divider--style-tilt\">\n\t\t<svg viewbox=\"0 0 1000 100\" xmlns=\"http:\/\/www.w3.org\/2000\/svg\" preserveaspectratio=\"none\">\n\t<path class=\"ux-shape-fill\" d=\"M1000 100V0L-40 100H1000Z\"\/>\n<\/svg>\n\t<\/div>\n\n\t<div class=\"ux-shape-divider ux-shape-divider--bottom ux-shape-divider--style-tilt ux-shape-divider--flip\">\n\t\t<svg viewbox=\"0 0 1000 100\" xmlns=\"http:\/\/www.w3.org\/2000\/svg\" preserveaspectratio=\"none\">\n\t<path class=\"ux-shape-fill\" d=\"M1000 100V0L-40 100H1000Z\"\/>\n<\/svg>\n\t<\/div>\n\n\t\t<div class=\"section-content relative\">\n\t\t\t\n\n<div class=\"row\"  id=\"row-1341017941\">\n\n\n\t<div id=\"col-322603955\" class=\"col small-12 large-12\"  >\n\t\t\t\t<div class=\"col-inner\"  >\n\t\t\t\n\t\t\t\n\n<div class=\"container section-title-container\" ><h3 class=\"section-title section-title-normal\"><b><\/b><span class=\"section-title-main\" >Contact form<\/span><b><\/b><\/h3><\/div>\n\n\n<div class=\"wpcf7 no-js\" id=\"wpcf7-f6-o1\" lang=\"fr-FR\" dir=\"ltr\" data-wpcf7-id=\"6\">\n<div class=\"screen-reader-response\"><p role=\"status\" aria-live=\"polite\" aria-atomic=\"true\"><\/p> <ul><\/ul><\/div>\n<form action=\"\/en\/wp-json\/wp\/v2\/pages\/89#wpcf7-f6-o1\" method=\"post\" class=\"wpcf7-form init\" aria-label=\"Contact form\" novalidate=\"novalidate\" data-status=\"init\" data-trp-original-action=\"\/en\/wp-json\/wp\/v2\/pages\/89#wpcf7-f6-o1\">\n<fieldset class=\"hidden-fields-container\"><input type=\"hidden\" name=\"_wpcf7\" value=\"6\" \/><input type=\"hidden\" name=\"_wpcf7_version\" value=\"6.1.1\" \/><input type=\"hidden\" name=\"_wpcf7_locale\" value=\"fr_FR\" \/><input type=\"hidden\" name=\"_wpcf7_unit_tag\" value=\"wpcf7-f6-o1\" \/><input type=\"hidden\" name=\"_wpcf7_container_post\" value=\"0\" \/><input type=\"hidden\" name=\"_wpcf7_posted_data_hash\" value=\"\" \/>\n<\/fieldset>\n<style type=\"text\/css\">.ecbebdfdabbddbdf { position: absolute !important; left: -9999vw !important; }<\/style><div id=\"\" class=\"ecbebdfdabbddbdf\"><label for=\"website-ecbebdfdabbddbdf\">Website<\/label><input type=\"url\" name=\"website\" value=\"\" autocomplete=\"disable\" tabindex=\"-1\" id=\"website-ecbebdfdabbddbdf\"  \/><label for=\"firstname-ecbebdfdabbddbdf\">First Name<\/label><input type=\"text\" name=\"firstname\" value=\"\" autocomplete=\"disable\" tabindex=\"-1\" id=\"firstname-ecbebdfdabbddbdf\"  \/><label for=\"lastname-ecbebdfdabbddbdf\">Last Name<\/label><input type=\"text\" name=\"lastname\" value=\"\" autocomplete=\"disable\" tabindex=\"-1\" id=\"lastname-ecbebdfdabbddbdf\"  \/><label for=\"email-ecbebdfdabbddbdf\">Email<\/label><input type=\"email\" name=\"email-e00cbebd4f9195da3bb1d0d75bdf28\" value=\"\" autocomplete=\"disable\" tabindex=\"-1\" id=\"email-ecbebdfdabbddbdf\"  \/><label for=\"e00cbebd4f9195da3bb1d0d75bdf28-ecbebdfdabbddbdf\">Yardgroove<\/label><input type=\"text\" name=\"e00cbebd4f9195da3bb1d0d75bdf28\" value=\"\" autocomplete=\"disable\" tabindex=\"-1\" id=\"e00cbebd4f9195da3bb1d0d75bdf28-ecbebdfdabbddbdf\"  \/><\/div><p><label> Name and surname<br \/>\n<span class=\"wpcf7-form-control-wrap\" data-name=\"nom-prenom\"><input size=\"40\" maxlength=\"400\" class=\"wpcf7-form-control wpcf7-text wpcf7-validates-as-required\" aria-required=\"true\" aria-invalid=\"false\" value=\"ROGER Smith\" type=\"text\" name=\"nom-prenom\" \/><\/span> <\/label>\n<\/p>\n<p><label> E-mail<br \/>\n<span class=\"wpcf7-form-control-wrap\" data-name=\"email\"><input size=\"40\" maxlength=\"400\" class=\"wpcf7-form-control wpcf7-email wpcf7-validates-as-required wpcf7-text wpcf7-validates-as-email\" aria-required=\"true\" aria-invalid=\"false\" value=\"\" type=\"email\" name=\"email\" \/><\/span> <\/label>\n<\/p>\n<p><label> Pattern<br \/>\n<span class=\"wpcf7-form-control-wrap\" data-name=\"motif\"><select class=\"wpcf7-form-control wpcf7-select wpcf7-validates-as-required\" aria-required=\"true\" aria-invalid=\"false\" name=\"motif\"><option value=\"\">&#8212;Please choose an option&#8212;<\/option><option value=\"J&#039;ai une question sur un produit\">I have a question about a product<\/option><option value=\"J&#039;ai une question sur une commande\">I have a question about an order<\/option><option value=\"J&#039;ai une question sur le site\">I have a question about the site<\/option><option value=\"Autre\">Other<\/option><\/select><\/span> <\/label>\n<\/p>\n<p><label> Your message (optional)<br \/>\n<span class=\"wpcf7-form-control-wrap\" data-name=\"votre-message\"><textarea cols=\"40\" rows=\"10\" maxlength=\"2000\" class=\"wpcf7-form-control wpcf7-textarea wpcf7-validates-as-required\" autocomplete=\"Tapez\" aria-required=\"true\" aria-invalid=\"false\" name=\"votre-message\"><\/textarea><\/span> <\/label>\n<\/p>\n<p><label> RGPD<br \/>\n<span class=\"wpcf7-form-control-wrap\" data-name=\"rgpd\"><span class=\"wpcf7-form-control wpcf7-checkbox wpcf7-validates-as-required\"><span class=\"wpcf7-list-item first last\"><label><input type=\"checkbox\" name=\"rgpd[]\" value=\"En cochant, j&#039;autorise Yardgroove \u00e0 conserver les donn\u00e9es personnelles transmises dans ce formulaire. Aucune exploitation commerciale ne sera faite avec ces donn\u00e9es. Voir notre politique des donn\u00e9es personnelles.\" \/><span class=\"wpcf7-list-item-label\">By ticking, I authorise Yardgroove to keep the personal data transmitted in this form. No commercial use will be made of these data. See our privacy policy.<\/span><\/label><\/span><\/span><\/span><\/label>\n<\/p>\n<p><input class=\"wpcf7-form-control wpcf7-submit has-spinner\" type=\"submit\" value=\"Send the message\" \/>\n<\/p><div class=\"wpcf7-response-output\" aria-hidden=\"true\"><\/div>\n<input type=\"hidden\" name=\"trp-form-language\" value=\"en\"\/><\/form>\n<\/div>\n\n\n\n\t\t<\/div>\n\t\t\t\t\t<\/div>\n\n\t\n\n<\/div>\n\n\t\t<\/div>\n\n\t\t\n<style>\n#section_1933632614 {\n  padding-top: 100px;\n  padding-bottom: 100px;\n  background-color: rgb(248, 245, 238);\n}\n#section_1933632614 .ux-shape-divider--top svg {\n  height: 50px;\n  --divider-top-width: 126%;\n}\n#section_1933632614 .ux-shape-divider--bottom svg {\n  height: 50px;\n  --divider-width: 300%;\n}\n<\/style>\n\t<\/section>\n\t\n<div class=\"row\"  id=\"row-393653308\">\n\n\n\t<div id=\"col-1806716676\" class=\"col large-12\"  >\n\t\t\t\t<div class=\"col-inner\"  >\n\t\t\t\n\t\t\t\n\n<p>Notre s\u00e9lection de &#8220;Vinyles Reggae de Collection&#8221; a \u00e9t\u00e9 soigneusement choisie pour refl\u00e9ter l&#8217;essence du reggae dans toute sa diversit\u00e9. Que vous soyez un fan de Bob Marley, de Peter Tosh, de Lee Scratch Perry ou des nouveaux venus, vous \u00eates s\u00fbr de trouver des joyaux dans notre collection.<\/p>\n<p>Nous sommes d\u00e9di\u00e9s \u00e0 aider nos clients \u00e0 trouver le vinyle parfait pour compl\u00e9ter leur collection. Que vous soyez un collectionneur chevronn\u00e9 ou un d\u00e9butant dans le monde du reggae sur vinyle, nous sommes l\u00e0 pour vous aider. Chaque disque de notre collection est inspect\u00e9 pour garantir qu&#8217;il r\u00e9pond \u00e0 nos normes de qualit\u00e9. De plus, nous nous effor\u00e7ons de fournir des descriptions d\u00e9taill\u00e9es et pr\u00e9cises pour vous aider \u00e0 prendre une d\u00e9cision \u00e9clair\u00e9e.<\/p>\n<p>Chez Yardgroove, nous croyons que chaque disque de reggae a une histoire \u00e0 raconter, et nous sommes ravis de vous aider \u00e0 \u00e9crire la v\u00f4tre. D\u00e9couvrez notre s\u00e9lection incomparable de &#8220;Vinyles Reggae de Collection&#8221; et rejoignez notre communaut\u00e9 de passionn\u00e9s de reggae aujourd&#8217;hui.<\/p>\n<p>Nous vous remercions de votre int\u00e9r\u00eat pour Yardgroove et nous sommes impatients de vous aider \u00e0 \u00e9largir votre collection de vinyles reggae.<\/p>\n\n\t\t<\/div>\n\t\t\t\t\t<\/div>\n\n\t\n\n\n<style>\n#row-393653308 > .col > .col-inner {\n  padding: 40px 0px 0px 0px;\n}\n<\/style>\n<\/div>","protected":false},"excerpt":{"rendered":"","protected":false},"author":1,"featured_media":0,"parent":0,"menu_order":0,"comment_status":"closed","ping_status":"closed","template":"page-blank.php","meta":{"footnotes":""},"folder":[],"class_list":["post-89","page","type-page","status-publish","hentry"],"_links":{"self":[{"href":"https:\/\/yardgroove.com\/en\/wp-json\/wp\/v2\/pages\/89","targetHints":{"allow":["GET"]}}],"collection":[{"href":"https:\/\/yardgroove.com\/en\/wp-json\/wp\/v2\/pages"}],"about":[{"href":"https:\/\/yardgroove.com\/en\/wp-json\/wp\/v2\/types\/page"}],"author":[{"embeddable":true,"href":"https:\/\/yardgroove.com\/en\/wp-json\/wp\/v2\/users\/1"}],"replies":[{"embeddable":true,"href":"https:\/\/yardgroove.com\/en\/wp-json\/wp\/v2\/comments?post=89"}],"version-history":[{"count":0,"href":"https:\/\/yardgroove.com\/en\/wp-json\/wp\/v2\/pages\/89\/revisions"}],"wp:attachment":[{"href":"https:\/\/yardgroove.com\/en\/wp-json\/wp\/v2\/media?parent=89"}],"wp:term":[{"taxonomy":"folder","embeddable":true,"href":"https:\/\/yardgroove.com\/en\/wp-json\/wp\/v2\/folder?post=89"}],"curies":[{"name":"wp","href":"https:\/\/api.w.org\/{rel}","templated":true}]}}