{"id":1432,"date":"2023-04-15T16:45:00","date_gmt":"2023-04-15T14:45:00","guid":{"rendered":"http:\/\/yardgroove.com\/?post_type=product&#038;p=1432"},"modified":"2023-06-19T15:39:02","modified_gmt":"2023-06-19T13:39:02","slug":"diviseur-pour-singles","status":"publish","type":"product","link":"https:\/\/yardgroove.com\/en\/boutique\/diviseur-pour-singles\/","title":{"rendered":"Singles Divider"},"content":{"rendered":"<p><strong>Les s\u00e9parateurs de disques personnalis\u00e9s Cleangroove<\/strong> de 7&#8243; pouces sont l\u2019accessoire parfait pour les collectionneurs de disques vinyle. Fabriqu\u00e9s \u00e0 la main en bois et dot\u00e9s d\u2019un texte grav\u00e9, ces s\u00e9parateurs sont non seulement fonctionnels mais \u00e9galement \u00e9l\u00e9gants. Gardez votre collection de vinyles organis\u00e9e avec ces s\u00e9parateurs personnalis\u00e9s, chacun con\u00e7u pour correspondre \u00e0 votre go\u00fbt unique.<\/p>\n<p>Les s\u00e9parateurs personnalis\u00e9s vous permettent de\u00a0<strong>classer vos affaires selon votre propre m\u00e9thode<\/strong>\u00a0pr\u00e9f\u00e9r\u00e9e.<\/p>\n<p>Obtenez vos s\u00e9parateurs de disques personnalis\u00e9s d\u00e8s aujourd\u2019hui !<\/p>","protected":false},"excerpt":{"rendered":"<p><strong>Les s\u00e9parateurs de disques personnalis\u00e9s en bois pour Single 45t<\/strong>\u00a0sont l\u2019accessoire parfait pour les collectionneurs de disques vinyles.<\/p>\n<p>Fabriqu\u00e9s \u00e0 la main en bois et comportant un texte decoup\u00e9 au laser, ces s\u00e9parateurs sont non seulement fonctionnels mais aussi \u00e9l\u00e9gants.<\/p>","protected":false},"featured_media":618,"comment_status":"open","ping_status":"closed","template":"","meta":[],"product_brand":[],"product_cat":[70],"product_tag":[],"class_list":{"0":"post-1432","1":"product","2":"type-product","3":"status-publish","4":"has-post-thumbnail","6":"product_cat-accessoires","8":"first","9":"outofstock","10":"shipping-taxable","11":"purchasable","12":"product-type-simple"},"_links":{"self":[{"href":"https:\/\/yardgroove.com\/en\/wp-json\/wp\/v2\/product\/1432","targetHints":{"allow":["GET"]}}],"collection":[{"href":"https:\/\/yardgroove.com\/en\/wp-json\/wp\/v2\/product"}],"about":[{"href":"https:\/\/yardgroove.com\/en\/wp-json\/wp\/v2\/types\/product"}],"replies":[{"embeddable":true,"href":"https:\/\/yardgroove.com\/en\/wp-json\/wp\/v2\/comments?post=1432"}],"wp:featuredmedia":[{"embeddable":true,"href":"https:\/\/yardgroove.com\/en\/wp-json\/wp\/v2\/media\/618"}],"wp:attachment":[{"href":"https:\/\/yardgroove.com\/en\/wp-json\/wp\/v2\/media?parent=1432"}],"wp:term":[{"taxonomy":"product_brand","embeddable":true,"href":"https:\/\/yardgroove.com\/en\/wp-json\/wp\/v2\/product_brand?post=1432"},{"taxonomy":"product_cat","embeddable":true,"href":"https:\/\/yardgroove.com\/en\/wp-json\/wp\/v2\/product_cat?post=1432"},{"taxonomy":"product_tag","embeddable":true,"href":"https:\/\/yardgroove.com\/en\/wp-json\/wp\/v2\/product_tag?post=1432"}],"curies":[{"name":"wp","href":"https:\/\/api.w.org\/{rel}","templated":true}]}}