{"id":3224,"date":"2023-06-08T18:42:23","date_gmt":"2023-06-08T16:42:23","guid":{"rendered":"https:\/\/yardgroove.com\/?post_type=product&#038;p=3224"},"modified":"2023-10-22T01:07:46","modified_gmt":"2023-10-21T23:07:46","slug":"100-pochettes-cartonnees-de-disque-45t-7-copie","status":"publish","type":"product","link":"https:\/\/yardgroove.com\/en\/boutique\/100-pochettes-cartonnees-de-disque-45t-7-copie\/","title":{"rendered":"100 Pochettes Papier de disque 45T (7&#8243;) (100gr\/M2)"},"content":{"rendered":"","protected":false},"excerpt":{"rendered":"<p>Pochettes en papier pour disques vinyles 45 tours avec une d\u00e9coupe sur les angles pour facilit\u00e9 la manipulation et l&#8217;utlisation avec des pochettes cartonn\u00e9es. Pochettes de haute qualit\u00e9 (100 gr\/m\u00b2) avec double trou central de 84 mm. Dimensions : 179 x 179 mm. Emballage : 100 pi\u00e8ces. Compatibles avec tous nos pochettes ext\u00e9rieurs pour disques vinyles 45 tours.<\/p>","protected":false},"featured_media":3248,"comment_status":"open","ping_status":"closed","template":"","meta":[],"product_brand":[],"product_cat":[70],"product_tag":[660,661,662],"class_list":{"0":"post-3224","1":"product","2":"type-product","3":"status-publish","4":"has-post-thumbnail","6":"product_cat-accessoires","7":"product_tag-45trs","8":"product_tag-661","9":"product_tag-pochette-vinyle","11":"first","12":"outofstock","13":"sale","14":"shipping-taxable","15":"purchasable","16":"product-type-simple"},"_links":{"self":[{"href":"https:\/\/yardgroove.com\/en\/wp-json\/wp\/v2\/product\/3224","targetHints":{"allow":["GET"]}}],"collection":[{"href":"https:\/\/yardgroove.com\/en\/wp-json\/wp\/v2\/product"}],"about":[{"href":"https:\/\/yardgroove.com\/en\/wp-json\/wp\/v2\/types\/product"}],"replies":[{"embeddable":true,"href":"https:\/\/yardgroove.com\/en\/wp-json\/wp\/v2\/comments?post=3224"}],"wp:featuredmedia":[{"embeddable":true,"href":"https:\/\/yardgroove.com\/en\/wp-json\/wp\/v2\/media\/3248"}],"wp:attachment":[{"href":"https:\/\/yardgroove.com\/en\/wp-json\/wp\/v2\/media?parent=3224"}],"wp:term":[{"taxonomy":"product_brand","embeddable":true,"href":"https:\/\/yardgroove.com\/en\/wp-json\/wp\/v2\/product_brand?post=3224"},{"taxonomy":"product_cat","embeddable":true,"href":"https:\/\/yardgroove.com\/en\/wp-json\/wp\/v2\/product_cat?post=3224"},{"taxonomy":"product_tag","embeddable":true,"href":"https:\/\/yardgroove.com\/en\/wp-json\/wp\/v2\/product_tag?post=3224"}],"curies":[{"name":"wp","href":"https:\/\/api.w.org\/{rel}","templated":true}]}}