{"id":4253,"date":"2025-12-01T10:31:26","date_gmt":"2025-12-01T09:31:26","guid":{"rendered":"https:\/\/yardgroove.com\/?post_type=product&#038;p=4253"},"modified":"2026-04-09T11:36:42","modified_gmt":"2026-04-09T09:36:42","slug":"anthoney-madden-red-river-valley","status":"publish","type":"product","link":"https:\/\/yardgroove.com\/en\/boutique\/anthoney-madden-red-river-valley\/","title":{"rendered":"<div class=\"wcmp-player-container product-4253\"><audio controlslist=\"nodownload\" data-product=\"4253\"  volume=\"1\"  preload=\"none\" data-lazyloading=\"none\" class=\"wcmp-player track mejs-classic\" data-duration=\"1:44\"><source src=\"https:\/\/yardgroove.com?wcmp-action=play&#038;wcmp-product=4253&#038;wcmp-file=cda15ef3-d427-4749-b6ad-29bd982ac68f_4253\" type=\"audio\/mp3\" \/><\/audio><\/div><span class=\"artiste\">Anthoney Madden<\/span> <span class=\"titre\">Red River Valley<\/span>"},"content":{"rendered":"<p>Un disque tr\u00e8s rare sur le march\u00e9, encore plus difficile \u00e0 trouver dans un \u00e9tat aussi exceptionnel. Un roots profond qui vous fera voyager.<\/p>","protected":false},"excerpt":{"rendered":"<p>Ce disque est disponible \u00e0 la vente. Veuillez nous envoyer votre proposition de prix par e-mail \u00e0 l\u2019adresse suivante : <a class=\"decorated-link cursor-pointer uppercase\" href=\"mailto:yardgroove@hotmail.com\" rel=\"noopener\" data-start=\"164\" data-end=\"186\">yardgroove@hotmail.com<\/a> .<\/p>","protected":false},"featured_media":4254,"comment_status":"open","ping_status":"closed","template":"","meta":[],"product_brand":[],"product_cat":[72],"product_tag":[],"class_list":{"0":"post-4253","1":"product","2":"type-product","3":"status-publish","4":"has-post-thumbnail","6":"product_cat-vinyles","8":"first","9":"outofstock","10":"shipping-taxable","11":"product-type-simple"},"_links":{"self":[{"href":"https:\/\/yardgroove.com\/en\/wp-json\/wp\/v2\/product\/4253","targetHints":{"allow":["GET"]}}],"collection":[{"href":"https:\/\/yardgroove.com\/en\/wp-json\/wp\/v2\/product"}],"about":[{"href":"https:\/\/yardgroove.com\/en\/wp-json\/wp\/v2\/types\/product"}],"replies":[{"embeddable":true,"href":"https:\/\/yardgroove.com\/en\/wp-json\/wp\/v2\/comments?post=4253"}],"wp:featuredmedia":[{"embeddable":true,"href":"https:\/\/yardgroove.com\/en\/wp-json\/wp\/v2\/media\/4254"}],"wp:attachment":[{"href":"https:\/\/yardgroove.com\/en\/wp-json\/wp\/v2\/media?parent=4253"}],"wp:term":[{"taxonomy":"product_brand","embeddable":true,"href":"https:\/\/yardgroove.com\/en\/wp-json\/wp\/v2\/product_brand?post=4253"},{"taxonomy":"product_cat","embeddable":true,"href":"https:\/\/yardgroove.com\/en\/wp-json\/wp\/v2\/product_cat?post=4253"},{"taxonomy":"product_tag","embeddable":true,"href":"https:\/\/yardgroove.com\/en\/wp-json\/wp\/v2\/product_tag?post=4253"}],"curies":[{"name":"wp","href":"https:\/\/api.w.org\/{rel}","templated":true}]}}